{"id":855,"date":"2021-01-15T16:08:24","date_gmt":"2021-01-15T16:08:24","guid":{"rendered":"https:\/\/www.aric.pt\/wp\/?page_id=855"},"modified":"2021-01-15T16:30:42","modified_gmt":"2021-01-15T16:30:42","slug":"legislacao","status":"publish","type":"page","link":"https:\/\/www.aric.pt\/wp\/?page_id=855","title":{"rendered":"Legisla\u00e7\u00e3o"},"content":{"rendered":"<p><strong>LEI DA R\u00c1DIO<\/strong><\/p>\n<ul>\n<li><strong>Lei da R\u00e1dio<\/strong><br \/>\n<a href=\"http:\/\/dre.pt\/pdf1sdip\/2010\/12\/24800\/0590305918.pdf\">Lei n.\u00ba 54\/2010 de 24 de Dezembro<\/a>, (revoga a\u00a0<a href=\"http:\/\/dre.pt\/pdf1s\/2001\/02\/046A00\/10301042.pdf\">Lei 4\/2001<\/a>, de 23 de Fevereiro)<\/li>\n<\/ul>\n<p>alterada pela\u00a0Lei n.\u00ba\u00a0<a href=\"http:\/\/dre.pt\/pdf1sdip\/2014\/07\/13000\/0374803748.pdf\">38\/2014, de 9 de Julho<\/a><br \/>\nalterada pela\u00a0<a href=\"https:\/\/dre.pt\/web\/guest\/home\/-\/dre\/69889523\/details\/maximized?p_auth=9G3Md4SZ\">Lei n.\u00ba 78\/2015 de 29 de julho<\/a>\u00a0(PDF &#8211; 5 p\u00e1ginas)<\/p>\n<p><strong>Nota:<\/strong>\u00a0ver Propostas de Lei e historial relativo \u00e0 aprova\u00e7\u00e3o da Lei da R\u00e1dio no\u00a0<a href=\"http:\/\/www.parlamento.pt\/ActividadeParlamentar\/Paginas\/DetalheIniciativa.aspx?BID=35403\" target=\"_blank\" rel=\"noopener\">s\u00edtio electr\u00f3nico da Assembleia da Rep\u00fablica<\/a><\/p>\n<ul>\n<li><strong>Difus\u00e3o de m\u00fasica portuguesa nos servi\u00e7os de programas de radiodifus\u00e3o sonora<\/strong><br \/>\n<a href=\"http:\/\/www.erc.pt\/documentos\/legislacaosite\/leiRadio_alt_2006.pdf\">Lei n.\u00ba 7\/2006, de 3 de Mar\u00e7o<\/a><\/li>\n<\/ul>\n<ul>\n<li><strong>Estabelecimento das quotas m\u00ednimas de difus\u00e3o de m\u00fasica portuguesa na r\u00e1dio<\/strong><br \/>\nPara 2009-2010:\u00a0<a href=\"https:\/\/www.erc.pt\/documentos\/legislacaosite\/Portarian373_2009.pdf\">Portaria n.\u00ba 373\/2009, de 8 de Abril<br \/>\n<\/a>Para 2008-2009:\u00a0<a href=\"https:\/\/www.erc.pt\/documentos\/legislacaosite\/Portarian265_2008.pdf\">Portaria n.\u00ba 265\/2008, de 9 de Abril<br \/>\n<\/a>Para 2007-2008:\u00a0<a href=\"https:\/\/www.erc.pt\/documentos\/legislacaosite\/Portarian1448_2007.pdf\">Portaria n.\u00ba 1448\/2007, de 12 de Novembro<br \/>\n<\/a>Para 2006-2007:\u00a0<a href=\"https:\/\/www.erc.pt\/documentos\/legislacaosite\/Portarian404_2006.pdf\">Portaria n.\u00ba 404\/2006, de 27 de Abril<\/a><\/li>\n<\/ul>\n<ul>\n<li><strong>Quotas de m\u00fasica portuguesa &#8211; Regime de excep\u00e7\u00e3o<\/strong><br \/>\n<a href=\"https:\/\/www.erc.pt\/documentos\/legislacaosite\/Regulamenton495_2008.pdf\">Regulamento n.\u00ba 495\/2008, de 29 de Agosto<\/a><\/li>\n<\/ul>\n<ul>\n<li><strong>Licenciamento de Esta\u00e7\u00f5es de Radiodifus\u00e3o<\/strong><br \/>\n<strong>Condi\u00e7\u00f5es t\u00e9cnicas do exerc\u00edcio da actividade de radiodifus\u00e3o sonora<\/strong><br \/>\n<a href=\"https:\/\/www.erc.pt\/documentos\/legislacaosite\/Dlei126_2002.pdf\">Decreto-Lei n.\u00ba 126\/2002, de 10 de Maio<\/a><\/li>\n<\/ul>\n<ul>\n<li><strong>Procedimentos relativos ao licenciamento, funcionamento, seguran\u00e7a e condi\u00e7\u00f5es t\u00e9cnicas das esta\u00e7\u00f5es de radiodifus\u00e3o<\/strong><br \/>\n<a href=\"https:\/\/www.erc.pt\/documentos\/legislacaosite\/Portaria121_99.pdf\">Portaria n.\u00ba 121\/99, de 15 de Fevereiro<\/a><\/li>\n<\/ul>\n<ul>\n<li><strong>Modelo da licen\u00e7a para o exerc\u00edcio da actividade de radiodifus\u00e3o<\/strong><br \/>\n<a href=\"http:\/\/dre.pt\/pdf2sdip\/2008\/09\/179000000\/3940239403.pdf\">Despacho n.\u00ba 23402\/2008, de 5 de Setembro<\/a>\u00a0(PDF &#8211; 2 p\u00e1ginas &#8211; 362 KB)<\/li>\n<\/ul>\n<ul>\n<li><strong>Taxas a pagar \u00e0 ERC pela atribui\u00e7\u00e3o e renova\u00e7\u00e3o de licen\u00e7as e de autoriza\u00e7\u00f5es a operadores radiof\u00f3nicos<\/strong><br \/>\n<strong>Regime de Taxas da ERC<\/strong><br \/>\n<a href=\"http:\/\/www.erc.pt\/documentos\/legislacaosite\/DecretoLein103_2006.pdf\">Decreto-Lei n.\u00ba 103\/2006, de 7 de Junho<\/a>\u00a0(PDF &#8211; 10 p\u00e1ginas &#8211; 220 KB)<br \/>\nalterado pelo<br \/>\n<a href=\"https:\/\/www.erc.pt\/documentos\/legislacaosite\/DecretoLei702009.pdf\">Decreto-Lei n.\u00ba 70\/2009, de 31 de Mar\u00e7o<\/a>\u00a0(PDF &#8211; 13 p\u00e1ginas &#8211; 612 KB)<br \/>\nrectificado pela\u00a0<a href=\"https:\/\/www.erc.pt\/documentos\/legislacaosite\/Rectificacaon362009.pdf\">Declara\u00e7\u00e3o de Rectifica\u00e7\u00e3o n.\u00ba 36\/2009, de 28 de Maio<br \/>\n<\/a><a href=\"https:\/\/www.erc.pt\/documentos\/legislacaosite\/Acordaon365_2008.pdf\">Ac\u00f3rd\u00e3o n.\u00ba 365\/2008, do Tribunal Constitucional<\/a>\u00a0(PDF &#8211; 7 p\u00e1ginas &#8211; 307 KB)Montantes das taxas a pagar \u00e0 ERC<br \/>\n<a href=\"https:\/\/www.erc.pt\/documentos\/Portaria%20n1362007.pdf\">Portaria n.\u00ba 136\/2007, de 29 de Janeiro<\/a>\u00a0(PDF &#8211; 2 p\u00e1ginas &#8211; 106 KB)<br \/>\nalterada pelo<a href=\"https:\/\/www.erc.pt\/documentos\/legislacaosite\/DecretoLei702009.pdf\">Decreto-Lei n.\u00ba 70\/2009, de 31 de Mar\u00e7o<\/a>\u00a0(PDF &#8211; 13 p\u00e1ginas &#8211; 612 KB)<br \/>\ne pela\u00a0<a href=\"https:\/\/www.erc.pt\/documentos\/legislacaosite\/Portaria785_2009.pdf\">Portaria n.\u00ba 785\/2009, de 27 de Julho<\/a>\u00a0(PDF &#8211; 2 p\u00e1ginas &#8211; 180 KB)<\/li>\n<\/ul>\n<blockquote>\n<hr \/>\n<\/blockquote>\n<p><strong>REGISTO DOS OPERADORES DE RADIODIFUS\u00c3O SONORA<\/strong><a href=\"https:\/\/www.erc.pt\/pt\/registo-dos-orgaos-de-comunicacao-social\"><em><br \/>\n<\/em><\/a><\/p>\n<ul>\n<li><strong>Projeto do regulamento que estabelece o regime do procedimento eletr\u00f3nico de atos de registo dos \u00f3rg\u00e3os de comunica\u00e7\u00e3o social<\/strong><br \/>\n<a href=\"https:\/\/dre.pt\/application\/conteudo\/128473366\">Aviso n.\u00ba 1271\/2020 de 24 janeiro<\/a>\u00a0(PDF &#8211; 4 p\u00e1ginas)<\/li>\n<li><strong>Registo das publica\u00e7\u00f5es peri\u00f3dicas, das empresas jornal\u00edsticas, das empresas noticiosas, dos operadores de r\u00e1dio e dos operadores de televis\u00e3o<\/strong><br \/>\n<a href=\"http:\/\/www.erc.pt\/documentos\/legislacaosite\/DecretoRegulamentarn8_99.pdf\" target=\"_blank\" rel=\"noopener\">Decreto Regulamentar n.\u00ba 8\/99, de 9 de Junho<\/a>,<br \/>\nrectificado pela\u00a0<a href=\"https:\/\/dre.pt\/application\/conteudo\/167062\">Declara\u00e7\u00e3o de Rectifica\u00e7\u00e3o n.\u00ba 10-BC\/99, de 30 de Junho<\/a>,<br \/>\ne alterado pelo\u00a0<a href=\"https:\/\/dre.pt\/application\/conteudo\/247441\">Decreto Regulamentar n.\u00ba 7\/2008, de 27 de Fevereiro<\/a><a href=\"https:\/\/www.erc.pt\/documentos\/Decreto%20Regulamentar%20n%20%BA%207%20%202008.pdf\"><br \/>\n<\/a>e pelo\u00a0<a href=\"https:\/\/www.erc.pt\/documentos\/DecretoRegulamentarn22009.pdf\">Decreto Regulamentar n.\u00ba 2\/2009, de 27 de Janeiro<\/a><\/li>\n<\/ul>\n<ul>\n<li><strong>Taxas a pagar \u00e0 ERC pela pr\u00e1tica dos actos de registo<\/strong><br \/>\nRegime de Taxas da ERC<br \/>\n<a href=\"http:\/\/dre.pt\/pdf1s\/2006\/06\/110A00\/40284037.pdf\">Decreto-Lei n.\u00ba 103\/2006, de 7 de Junho<\/a>\u00a0(PDF &#8211; 10 p\u00e1ginas &#8211; 220 KB)<br \/>\nalterado pelo<br \/>\n<a href=\"http:\/\/dre.pt\/pdf1sdip\/2009\/03\/06300\/0194901961.pdf\">Decreto-Lei n.\u00ba 70\/2009, de 31 de Mar\u00e7o<\/a>\u00a0(PDF &#8211; 13 p\u00e1ginas &#8211; 612 KB)<br \/>\n<a href=\"http:\/\/dre.pt\/pdf2sdip\/2008\/08\/155000000\/3582235828.pdf\">Ac\u00f3rd\u00e3o n.\u00ba 365\/2008, do Tribunal Constitucional<\/a>\u00a0(PDF &#8211; 7 p\u00e1ginas &#8211; 307 KB)<\/li>\n<li>Montantes das taxas a pagar \u00e0 ERC<br \/>\n<a href=\"https:\/\/www.erc.pt\/documentos\/Portaria%20n1362007.pdf\">Portaria n.\u00ba 136\/2007, de 29 de Janeiro<\/a>\u00a0(PDF &#8211; 2 p\u00e1ginas &#8211; 106 KB)<br \/>\nalterada pelo\u00a0<a href=\"http:\/\/dre.pt\/pdf1sdip\/2009\/03\/06300\/0194901961.pdf\">Decreto-Lei n.\u00ba 70\/2009, de 31 de Mar\u00e7o<\/a>\u00a0(PDF &#8211; 13 p\u00e1ginas &#8211; 612 KB)<br \/>\ne pela\u00a0<a href=\"https:\/\/www.erc.pt\/documentos\/legislacaosite\/Portarian785_2009.pdf\">Portaria n.\u00ba 785\/2009, de 27 de Julho<\/a>\u00a0(PDF &#8211; 2 p\u00e1ginas &#8211; 180 KB)<\/li>\n<\/ul>\n<blockquote>\n<hr \/>\n<\/blockquote>\n<p><strong>RDS &#8211; SISTEMA DE TRANSMISS\u00c3O DE DADOS EM RADIODIFUS\u00c3O<\/strong><\/p>\n<ul>\n<li><a href=\"https:\/\/dre.pt\/home\/-\/dre\/74699430\/details\/maximized\" target=\"_blank\" rel=\"noopener\">Regulamento n.\u00ba 593\/2016, de 15 de junho<\/a> &#8211; <strong>Regulamento para opera\u00e7\u00e3o do sistema de transmiss\u00e3o de dados em radiodifus\u00e3o (RDS), conforme artigo 12.\u00ba do Decreto-Lei n.\u00ba 272\/98, de 2 de setembro, na reda\u00e7\u00e3o conferida pelo Decreto-Lei n.\u00ba 248\/2015, de 28 de outubro.<\/strong><\/li>\n<li><a href=\"https:\/\/dre.pt\/home\/-\/dre\/70832991\/details\/maximized\" target=\"_blank\" rel=\"noopener\">Decreto-Lei n.\u00ba 248\/2015, de 28 de outubro <\/a>&#8211; <strong>Primeira altera\u00e7\u00e3o ao regime de instala\u00e7\u00e3o e opera\u00e7\u00e3o do sistema de transmiss\u00e3o de dados em radiodifus\u00e3o (RDS) pelos operadores de radiodifus\u00e3o sonora.<\/strong><br \/>\nPrimeira altera\u00e7\u00e3o ao Decreto-Lei n.\u00ba 272\/98, de 2 de setembro; artigo 12.\u00ba regulamentado pelo Regulamento n.\u00ba 593\/2016, de 15 de junho<\/li>\n<li><a href=\"https:\/\/www.dre.pt\/application\/dir\/pdf1s\/1998\/12\/301A07\/05780578.pdf\" target=\"_blank\" rel=\"noopener\">Declara\u00e7\u00e3o de retifica\u00e7\u00e3o n.\u00ba 22-J\/98, de 31 de dezembro<\/a><\/li>\n<li><a href=\"https:\/\/dre.pt\/web\/guest\/pesquisa\/-\/search\/566855\/details\/normal?l=1\" target=\"_blank\" rel=\"noopener\">Decreto-Lei n.\u00ba 272\/98, de 2 de setembro <\/a>&#8211;\u00a0<strong>Estabelece o novo regime de instala\u00e7\u00e3o e opera\u00e7\u00e3o do sistema de transmiss\u00e3o de dados em radiodifus\u00e3o (RDS) pelos operadores de radiodifus\u00e3o sonora<\/strong><br \/>\nAlterado pelo Decreto-Lei n.\u00ba 248\/2015, de 28 de outubro; artigo 12.\u00ba regulamentado pelo Regulamento n.\u00ba 593\/2016, de 15 de junho<\/li>\n<\/ul>\n<hr \/>\n<p><strong>GUIAS ELECTR\u00d3NICOS DE PROGRAMAS DE R\u00c1DIO E DE TELEVIS\u00c3O<\/strong><\/p>\n<ul>\n<li><strong>Acesso e ordena\u00e7\u00e3o dos guias electr\u00f3nicos de programas de r\u00e1dio e de televis\u00e3o<\/strong><br \/>\n<a title=\"Regulamento n.\u00ba 36\/2011\" href=\"http:\/\/dre.pt\/pdf2sdip\/2011\/01\/011000000\/0336803369.pdf\" target=\"_blank\" rel=\"noopener\">Regulamento n.\u00ba 36\/2011.\u00a0D.R.\u00a0n.\u00ba 11, S\u00e9rie II de 2011-01-17<\/a><\/li>\n<\/ul>\n","protected":false},"excerpt":{"rendered":"<p>LEI DA R\u00c1DIO Lei da R\u00e1dio Lei n.\u00ba 54\/2010 de 24 de Dezembro, (revoga a\u00a0Lei 4\/2001, de 23 de Fevereiro) alterada pela\u00a0Lei n.\u00ba\u00a038\/2014, de 9 de Julho alterada pela\u00a0Lei n.\u00ba 78\/2015 de 29 de julho\u00a0(PDF &#8211; 5 p\u00e1ginas) Nota:\u00a0ver Propostas de Lei e historial relativo \u00e0 aprova\u00e7\u00e3o da Lei da R\u00e1dio no\u00a0s\u00edtio electr\u00f3nico da Assembleia&#8230;<\/p>\n","protected":false},"author":1,"featured_media":0,"parent":0,"menu_order":0,"comment_status":"closed","ping_status":"closed","template":"","meta":{"footnotes":""},"class_list":["post-855","page","type-page","status-publish","hentry"],"_links":{"self":[{"href":"https:\/\/www.aric.pt\/wp\/index.php?rest_route=\/wp\/v2\/pages\/855","targetHints":{"allow":["GET"]}}],"collection":[{"href":"https:\/\/www.aric.pt\/wp\/index.php?rest_route=\/wp\/v2\/pages"}],"about":[{"href":"https:\/\/www.aric.pt\/wp\/index.php?rest_route=\/wp\/v2\/types\/page"}],"author":[{"embeddable":true,"href":"https:\/\/www.aric.pt\/wp\/index.php?rest_route=\/wp\/v2\/users\/1"}],"replies":[{"embeddable":true,"href":"https:\/\/www.aric.pt\/wp\/index.php?rest_route=%2Fwp%2Fv2%2Fcomments&post=855"}],"version-history":[{"count":4,"href":"https:\/\/www.aric.pt\/wp\/index.php?rest_route=\/wp\/v2\/pages\/855\/revisions"}],"predecessor-version":[{"id":860,"href":"https:\/\/www.aric.pt\/wp\/index.php?rest_route=\/wp\/v2\/pages\/855\/revisions\/860"}],"wp:attachment":[{"href":"https:\/\/www.aric.pt\/wp\/index.php?rest_route=%2Fwp%2Fv2%2Fmedia&parent=855"}],"curies":[{"name":"wp","href":"https:\/\/api.w.org\/{rel}","templated":true}]}}